{"id":2,"date":"2016-05-10T03:48:21","date_gmt":"2016-05-10T03:48:21","guid":{"rendered":"http:\/\/wp452m.a10-52-158-154.qa.plesk.ru\/wordpress\/?page_id=2"},"modified":"2018-08-19T08:31:12","modified_gmt":"2018-08-19T07:31:12","slug":"sample-page","status":"publish","type":"page","link":"https:\/\/bhs-mobil.de\/","title":{"rendered":"Unsere Service"},"content":{"rendered":"<p>&nbsp;<\/p>\n<h6><strong>Mobiler Krans\u00e4gespalter<\/strong><\/h6>\n<ul>\n<li>Unser Krans\u00e4gespalter s\u00e4gt ihr Langholz in Meterst\u00fccke.<\/li>\n<li>Wir k\u00f6nnen\u00a0Stammholz bis zu einem Durchmesser von 60 cm s\u00e4gen.<\/li>\n<li>\u00a0St\u00e4rke St\u00e4mme m\u00fcssen mit der Motors\u00e4ge abgel\u00e4ngt werden, denn wir k\u00f6nnen St\u00e4mme bis zu\u00a0\u00a0einem Meter Durchmesser spalten.<\/li>\n<li>Unser Krans\u00e4gespalter\u00a0ist mit einem 4-, 6-, 8-fach\u00a0Spaltkreuz ausgestattet<\/li>\n<li>Mit unserem Unimog erreichen wir auch die entlegensten Gebiete (Wald, Berge etc.)<\/li>\n<\/ul>\n<p>&nbsp;<\/p>\n<h6><strong>Unser Einzugsgebiet<\/strong><\/h6>\n<p>Wir arbeiten haupts\u00e4chlich in Baden-W\u00fcrttemberg, Bayern, Hessen, Saarland und Rheinland-Pfalz.<br \/>\nJe nach Anzahl der zu s\u00e4genden und spaltenden Festmeter legen wir auch gerne gr\u00f6\u00dfere Strecken f\u00fcr Sie zur\u00fcck.<\/p>\n<h6><strong>Preise<\/strong><\/h6>\n<p>F\u00fcr ein individuelles Angebot wenden Sie sich bitte telefonisch oder per E-Mail an uns.<\/p>\n","protected":false},"excerpt":{"rendered":"<p>&nbsp; Mobiler Krans\u00e4gespalter Unser Krans\u00e4gespalter s\u00e4gt ihr Langholz in Meterst\u00fccke. Wir k\u00f6nnen\u00a0Stammholz bis zu einem Durchmesser von 60 cm s\u00e4gen. \u00a0St\u00e4rke St\u00e4mme m\u00fcssen mit der Motors\u00e4ge abgel\u00e4ngt werden, denn wir k\u00f6nnen St\u00e4mme bis zu\u00a0\u00a0einem Meter Durchmesser spalten. Unser Krans\u00e4gespalter\u00a0ist mit einem 4-, 6-, 8-fach\u00a0Spaltkreuz&#8230;<\/p>\n","protected":false},"author":1,"featured_media":0,"parent":0,"menu_order":0,"comment_status":"closed","ping_status":"open","template":"","meta":[],"_links":{"self":[{"href":"https:\/\/bhs-mobil.de\/index.php?rest_route=\/wp\/v2\/pages\/2"}],"collection":[{"href":"https:\/\/bhs-mobil.de\/index.php?rest_route=\/wp\/v2\/pages"}],"about":[{"href":"https:\/\/bhs-mobil.de\/index.php?rest_route=\/wp\/v2\/types\/page"}],"author":[{"embeddable":true,"href":"https:\/\/bhs-mobil.de\/index.php?rest_route=\/wp\/v2\/users\/1"}],"replies":[{"embeddable":true,"href":"https:\/\/bhs-mobil.de\/index.php?rest_route=%2Fwp%2Fv2%2Fcomments&post=2"}],"version-history":[{"count":16,"href":"https:\/\/bhs-mobil.de\/index.php?rest_route=\/wp\/v2\/pages\/2\/revisions"}],"predecessor-version":[{"id":101,"href":"https:\/\/bhs-mobil.de\/index.php?rest_route=\/wp\/v2\/pages\/2\/revisions\/101"}],"wp:attachment":[{"href":"https:\/\/bhs-mobil.de\/index.php?rest_route=%2Fwp%2Fv2%2Fmedia&parent=2"}],"curies":[{"name":"wp","href":"https:\/\/api.w.org\/{rel}","templated":true}]}}